{"id":1303,"date":"2019-10-18T17:51:01","date_gmt":"2019-10-18T16:51:01","guid":{"rendered":"http:\/\/www.robindesbois.org\/echoppe\/?post_type=product&#038;p=1303"},"modified":"2025-05-20T15:08:02","modified_gmt":"2025-05-20T14:08:02","slug":"latlas-du-business-des-especes-menacees","status":"publish","type":"product","link":"https:\/\/robindesbois.org\/echoppe\/?product=latlas-du-business-des-especes-menacees","title":{"rendered":"Atlas du Business des Esp\u00e8ces Menac\u00e9es"},"content":{"rendered":"<div><img loading=\"lazy\" decoding=\"async\" class=\"wp-image-1524 alignleft\" src=\"http:\/\/robindesbois.org\/echoppe\/wp-content\/uploads\/2019\/10\/sommaire-Atlas-Business-Animaux-Menacees-RobindesBois-1024x496.png\" alt=\"\" width=\"831\" height=\"403\" srcset=\"https:\/\/robindesbois.org\/echoppe\/wp-content\/uploads\/2019\/10\/sommaire-Atlas-Business-Animaux-Menacees-RobindesBois-1024x496.png 1024w, https:\/\/robindesbois.org\/echoppe\/wp-content\/uploads\/2019\/10\/sommaire-Atlas-Business-Animaux-Menacees-RobindesBois-300x145.png 300w, https:\/\/robindesbois.org\/echoppe\/wp-content\/uploads\/2019\/10\/sommaire-Atlas-Business-Animaux-Menacees-RobindesBois-768x372.png 768w, https:\/\/robindesbois.org\/echoppe\/wp-content\/uploads\/2019\/10\/sommaire-Atlas-Business-Animaux-Menacees-RobindesBois.png 1186w\" sizes=\"auto, (max-width: 831px) 100vw, 831px\" \/><\/div>\n<p>&nbsp;<\/p>\n<p>&nbsp;<\/p>\n<p>&nbsp;<\/p>\n<p>&nbsp;<\/p>\n<p>&nbsp;<\/p>\n<p>&nbsp;<\/p>\n<p>&nbsp;<\/p>\n<p>&nbsp;<\/p>\n<p>&nbsp;<\/p>\n<p>&nbsp;<\/p>\n<p>&nbsp;<\/p>\n<p style=\"text-align: justify;\">Le business de l\u2019extinction est expert en marketing. Il cultive les superstitions et convoque les angoisses modernes pour vendre des pr\u00e9tendus rem\u00e8des aux fl\u00e9aux du cancer et du sida ou \u00e0 des obsessions mondialement partag\u00e9es comme la calvitie et la perte de libido. Les trafiquants prosp\u00e8rent aussi sur le march\u00e9 des animaux de compagnie et de la mode et sont \u00e0 l\u2019occasion des cybercriminels aguerris. Une \u00e9conomie souterraine est en marche qui se confond avec le trafic de drogues et de contrefa\u00e7ons.<\/p>\n<p style=\"text-align: justify;\">L\u2019<em>Atlas du Business des Esp\u00e8ces Menac\u00e9es<\/em> est une plong\u00e9e dans le monde violent et secret d\u2019un trafic plan\u00e9taire. Quand on remonte \u00e0 la surface de cet oc\u00e9an de cruaut\u00e9 et d\u2019argent, on a une infinie tendresse pour tous ces animaux qui au fond de la mer et des marais, dans les savanes et les for\u00eats ont \u00e0 se d\u00e9fendre du harc\u00e8lement de l\u2019humanit\u00e9. Ecrit par l\u2019association Robin des Bois. Cartes de Julien Perreaut. Edition Arthaud. 152 pages. Parution 9 octobre 2019.<\/p>\n<p>&nbsp;<\/p>\n","protected":false},"excerpt":{"rendered":"<p>Le nouvel Atlas de Robin des Bois traque et analyse le trafic d\u2019esp\u00e8ces animales embl\u00e9matiques comme les \u00e9l\u00e9phants et les rhinoc\u00e9ros, ou n\u2019ayant pas encore acc\u00e9d\u00e9 \u00e0 la renomm\u00e9e mondiale comme les poissons-cardinaux de Bangga\u00ef, les chardonnerets \u00e9l\u00e9gants, les tortues \u00e9toil\u00e9es de l\u2019Inde et les totoabas. Les armes des braconniers, les modes op\u00e9ratoires des petits [&hellip;]<\/p>\n","protected":false},"featured_media":1498,"comment_status":"closed","ping_status":"closed","template":"","meta":[],"product_brand":[],"product_cat":[43],"product_tag":[],"class_list":{"0":"post-1303","1":"product","2":"type-product","3":"status-publish","4":"has-post-thumbnail","6":"product_cat-non-classe","7":"product_shipping_class-frais-de-port","9":"first","10":"instock","11":"shipping-taxable","12":"purchasable","13":"product-type-simple"},"_links":{"self":[{"href":"https:\/\/robindesbois.org\/echoppe\/index.php?rest_route=\/wp\/v2\/product\/1303","targetHints":{"allow":["GET"]}}],"collection":[{"href":"https:\/\/robindesbois.org\/echoppe\/index.php?rest_route=\/wp\/v2\/product"}],"about":[{"href":"https:\/\/robindesbois.org\/echoppe\/index.php?rest_route=\/wp\/v2\/types\/product"}],"replies":[{"embeddable":true,"href":"https:\/\/robindesbois.org\/echoppe\/index.php?rest_route=%2Fwp%2Fv2%2Fcomments&post=1303"}],"wp:featuredmedia":[{"embeddable":true,"href":"https:\/\/robindesbois.org\/echoppe\/index.php?rest_route=\/wp\/v2\/media\/1498"}],"wp:attachment":[{"href":"https:\/\/robindesbois.org\/echoppe\/index.php?rest_route=%2Fwp%2Fv2%2Fmedia&parent=1303"}],"wp:term":[{"taxonomy":"product_brand","embeddable":true,"href":"https:\/\/robindesbois.org\/echoppe\/index.php?rest_route=%2Fwp%2Fv2%2Fproduct_brand&post=1303"},{"taxonomy":"product_cat","embeddable":true,"href":"https:\/\/robindesbois.org\/echoppe\/index.php?rest_route=%2Fwp%2Fv2%2Fproduct_cat&post=1303"},{"taxonomy":"product_tag","embeddable":true,"href":"https:\/\/robindesbois.org\/echoppe\/index.php?rest_route=%2Fwp%2Fv2%2Fproduct_tag&post=1303"}],"curies":[{"name":"wp","href":"https:\/\/api.w.org\/{rel}","templated":true}]}}