{"id":340,"date":"2016-04-25T10:29:58","date_gmt":"2016-04-25T09:29:58","guid":{"rendered":"http:\/\/207.204.5.11\/echoppe\/?post_type=product&#038;p=340"},"modified":"2022-01-19T15:52:52","modified_gmt":"2022-01-19T14:52:52","slug":"atlas-de-la-france-toxique","status":"publish","type":"product","link":"https:\/\/robindesbois.org\/echoppe\/?product=atlas-de-la-france-toxique","title":{"rendered":"Atlas de la France Toxique"},"content":{"rendered":"<p><a href=\"https:\/\/robindesbois.org\/echoppe\/wp-content\/uploads\/2016\/04\/sommaire-atlas-robindesbois-1.png\"><img loading=\"lazy\" decoding=\"async\" class=\"wp-image-479  alignleft\" src=\"https:\/\/robindesbois.org\/echoppe\/wp-content\/uploads\/2016\/04\/sommaire-atlas-robindesbois-1.png\" alt=\"\" width=\"805\" height=\"408\" srcset=\"https:\/\/robindesbois.org\/echoppe\/wp-content\/uploads\/2016\/04\/sommaire-atlas-robindesbois-1.png 1136w, https:\/\/robindesbois.org\/echoppe\/wp-content\/uploads\/2016\/04\/sommaire-atlas-robindesbois-1-300x152.png 300w, https:\/\/robindesbois.org\/echoppe\/wp-content\/uploads\/2016\/04\/sommaire-atlas-robindesbois-1-768x389.png 768w, https:\/\/robindesbois.org\/echoppe\/wp-content\/uploads\/2016\/04\/sommaire-atlas-robindesbois-1-1024x519.png 1024w\" sizes=\"auto, (max-width: 805px) 100vw, 805px\" \/><\/a><\/p>\n","protected":false},"excerpt":{"rendered":"<p>Amiante, d\u00e9chets de guerre, mar\u00e9es noires, radioactivit\u00e9s, PCB, pesticides, perchlorates\u2026 Les pollutions et les risques qui menacent la sant\u00e9, l\u2019environnement et la biodiversit\u00e9 sont multiples, souvent minor\u00e9s et parfois m\u00eame ignor\u00e9s. R\u00e9gion par r\u00e9gion, d\u00e9partement par d\u00e9partement et dans les plus grandes villes de France, ce document fond\u00e9 sur des recherches historiques et les derni\u00e8res [&hellip;]<\/p>\n","protected":false},"featured_media":344,"comment_status":"closed","ping_status":"closed","template":"","meta":[],"product_brand":[],"product_cat":[43],"product_tag":[],"class_list":{"0":"post-340","1":"product","2":"type-product","3":"status-publish","4":"has-post-thumbnail","6":"product_cat-non-classe","7":"product_shipping_class-frais-de-port","9":"first","10":"instock","11":"shipping-taxable","12":"purchasable","13":"product-type-simple"},"_links":{"self":[{"href":"https:\/\/robindesbois.org\/echoppe\/index.php?rest_route=\/wp\/v2\/product\/340","targetHints":{"allow":["GET"]}}],"collection":[{"href":"https:\/\/robindesbois.org\/echoppe\/index.php?rest_route=\/wp\/v2\/product"}],"about":[{"href":"https:\/\/robindesbois.org\/echoppe\/index.php?rest_route=\/wp\/v2\/types\/product"}],"replies":[{"embeddable":true,"href":"https:\/\/robindesbois.org\/echoppe\/index.php?rest_route=%2Fwp%2Fv2%2Fcomments&post=340"}],"wp:featuredmedia":[{"embeddable":true,"href":"https:\/\/robindesbois.org\/echoppe\/index.php?rest_route=\/wp\/v2\/media\/344"}],"wp:attachment":[{"href":"https:\/\/robindesbois.org\/echoppe\/index.php?rest_route=%2Fwp%2Fv2%2Fmedia&parent=340"}],"wp:term":[{"taxonomy":"product_brand","embeddable":true,"href":"https:\/\/robindesbois.org\/echoppe\/index.php?rest_route=%2Fwp%2Fv2%2Fproduct_brand&post=340"},{"taxonomy":"product_cat","embeddable":true,"href":"https:\/\/robindesbois.org\/echoppe\/index.php?rest_route=%2Fwp%2Fv2%2Fproduct_cat&post=340"},{"taxonomy":"product_tag","embeddable":true,"href":"https:\/\/robindesbois.org\/echoppe\/index.php?rest_route=%2Fwp%2Fv2%2Fproduct_tag&post=340"}],"curies":[{"name":"wp","href":"https:\/\/api.w.org\/{rel}","templated":true}]}}