{"id":613,"date":"2016-11-20T21:03:23","date_gmt":"2016-11-20T20:03:23","guid":{"rendered":"http:\/\/207.204.5.11\/echoppe\/?product=le-cargo-de-la-honte"},"modified":"2022-01-19T15:50:50","modified_gmt":"2022-01-19T14:50:50","slug":"le-cargo-de-la-honte","status":"publish","type":"product","link":"https:\/\/robindesbois.org\/echoppe\/?product=le-cargo-de-la-honte","title":{"rendered":"Le Cargo de la Honte"},"content":{"rendered":"<p>Un bateau insaisissable se moque des Etats dans le monde entier. Il se faufile gr\u00e2ce aux faiblesses des uns et aux complicit\u00e9s des autres, manipul\u00e9 par une tribu qui recycle en or les bas-fonds des stockages p\u00e9troliers. Cet \u00e9ternel fugitif a sem\u00e9 la mort et la panique en d\u00e9barquant 500 tonnes de d\u00e9chets \u00e0 Abidjan, C\u00f4te d\u2019Ivoire.<\/p>\n<p>L\u2019histoire vraie du <i>Probo Koala<\/i> se vit comme une chronique sociale, un roman policier et un exemple \u00e9difiant des d\u00e9lires de la mondialisation.<\/p>\n<p>Au centre de la toile d\u2019araign\u00e9e, Trafigura, dernier avatar d\u2019une dynastie de traders du p\u00e9trole, des m\u00e9taux et des minerais, dirige ses bateaux fant\u00f4mes avec beaucoup de cr\u00e9ativit\u00e9 et une bonne dose d\u2019adr\u00e9naline.<\/p>\n<p>Cet ouvrage se fonde sur le v\u00e9cu de ses auteurs au c\u0153ur de la fournaise en C\u00f4te d\u2019Ivoire, sur plusieurs ann\u00e9es d\u2019investigation et sur l\u2019exploitation d\u2019une multitude de t\u00e9moignages, de confidences et de documents incontestables.<span id=\"more-3309\"><\/span><\/p>\n<p>Toute une \u00e9poque servie sur un plateau, d\u2019argent bien s\u00fbr.<\/p>\n<p><a href=\"https:\/\/robindesbois.org\/echoppe\/wp-content\/uploads\/2016\/11\/Le-cargo-de-la-honte2.jpg\"><img loading=\"lazy\" decoding=\"async\" class=\"aligncenter wp-image-608 \" src=\"https:\/\/robindesbois.org\/echoppe\/wp-content\/uploads\/2016\/11\/Le-cargo-de-la-honte2.jpg\" alt=\"\" width=\"293\" height=\"328\" srcset=\"https:\/\/robindesbois.org\/echoppe\/wp-content\/uploads\/2016\/11\/Le-cargo-de-la-honte2.jpg 393w, https:\/\/robindesbois.org\/echoppe\/wp-content\/uploads\/2016\/11\/Le-cargo-de-la-honte2-300x336.jpg 300w, https:\/\/robindesbois.org\/echoppe\/wp-content\/uploads\/2016\/11\/Le-cargo-de-la-honte2-268x300.jpg 268w\" sizes=\"auto, (max-width: 293px) 100vw, 293px\" \/><\/a><\/p>\n","protected":false},"excerpt":{"rendered":"<p>Le cargo de la honte, L\u2019effroyable odyss\u00e9e du Probo Koala. Bernard Dussol, grand reporter \u00e0 Thalassa et Charlotte Nithart, directrice de l\u2019association Robin des Bois. Avec la participation de Jacky Bonnemains et sous la direction de Herv\u00e9 Hamon. \u00ab\u00a0On ne sort pas indemne de ce voyage balzacien dans le sillage du Probo-Koala\u00a0\u00bb. Le Monde, 5 [&hellip;]<\/p>\n","protected":false},"featured_media":610,"comment_status":"closed","ping_status":"closed","template":"","meta":[],"product_brand":[],"product_cat":[43],"product_tag":[],"class_list":{"0":"post-613","1":"product","2":"type-product","3":"status-publish","4":"has-post-thumbnail","6":"product_cat-non-classe","7":"product_shipping_class-frais-de-port","9":"first","10":"instock","11":"shipping-taxable","12":"purchasable","13":"product-type-simple"},"_links":{"self":[{"href":"https:\/\/robindesbois.org\/echoppe\/index.php?rest_route=\/wp\/v2\/product\/613","targetHints":{"allow":["GET"]}}],"collection":[{"href":"https:\/\/robindesbois.org\/echoppe\/index.php?rest_route=\/wp\/v2\/product"}],"about":[{"href":"https:\/\/robindesbois.org\/echoppe\/index.php?rest_route=\/wp\/v2\/types\/product"}],"replies":[{"embeddable":true,"href":"https:\/\/robindesbois.org\/echoppe\/index.php?rest_route=%2Fwp%2Fv2%2Fcomments&post=613"}],"wp:featuredmedia":[{"embeddable":true,"href":"https:\/\/robindesbois.org\/echoppe\/index.php?rest_route=\/wp\/v2\/media\/610"}],"wp:attachment":[{"href":"https:\/\/robindesbois.org\/echoppe\/index.php?rest_route=%2Fwp%2Fv2%2Fmedia&parent=613"}],"wp:term":[{"taxonomy":"product_brand","embeddable":true,"href":"https:\/\/robindesbois.org\/echoppe\/index.php?rest_route=%2Fwp%2Fv2%2Fproduct_brand&post=613"},{"taxonomy":"product_cat","embeddable":true,"href":"https:\/\/robindesbois.org\/echoppe\/index.php?rest_route=%2Fwp%2Fv2%2Fproduct_cat&post=613"},{"taxonomy":"product_tag","embeddable":true,"href":"https:\/\/robindesbois.org\/echoppe\/index.php?rest_route=%2Fwp%2Fv2%2Fproduct_tag&post=613"}],"curies":[{"name":"wp","href":"https:\/\/api.w.org\/{rel}","templated":true}]}}