{"id":966,"date":"2018-06-22T13:58:51","date_gmt":"2018-06-22T12:58:51","guid":{"rendered":"http:\/\/www.robindesbois.org\/echoppe\/?product=faire-un-don"},"modified":"2025-10-20T10:39:27","modified_gmt":"2025-10-20T09:39:27","slug":"faire-un-don","status":"publish","type":"product","link":"https:\/\/robindesbois.org\/echoppe\/?product=faire-un-don","title":{"rendered":"Faire un don"},"content":{"rendered":"<p><a href=\"http:\/\/www.robindesbois.org\/robindesbois\/\" target=\"_blank\" rel=\"noopener\">Acc\u00e8s \u00e0 la pr\u00e9sentation de l&rsquo;association Robin des Bois.<\/a><\/p>\n<p>Vous pouvez \u00e9galement faire un don par pr\u00e9l\u00e8vement (<a href=\"https:\/\/robindesbois.org\/echoppe\/wp-content\/uploads\/2025\/10\/bulletin-de-prelevement.pdf\" target=\"_blank\" rel=\"noopener\">formulaire en lien<\/a> &#8211; pdf) ou par courrier postal (<a href=\"https:\/\/robindesbois.org\/echoppe\/wp-content\/uploads\/2025\/10\/bulletin-adhesion-et-don.pdf\" target=\"_blank\" rel=\"noopener\">bulletin en lien<\/a> &#8211; pdf).<\/p>\n<p>Robin des Bois ne diffuse pas, ne donne pas, ne c\u00e8de pas, n\u2019\u00e9change pas, de quelque fa\u00e7on qu\u2019il soit, les contacts ou autres informations concernant ses adh\u00e9rents, membres, donateurs, sympathisants ou visiteurs.<\/p>\n<p>Photo: jeune orang outan (<em>Pongo pygmaeus<\/em>) photographi\u00e9 par Bernard Dupont. A lire en ligne: \u00ab\u00a0<a href=\"https:\/\/robindesbois.org\/a-la-trace-bulletin-dinformation-et-danalyses-sur-le-braconnage-et-la-contrebande\/\" target=\"_blank\" rel=\"noopener\">A la Trace\u00a0\u00bb<\/a>, le bulletin trimestriel d\u2019information et d\u2018analyses sur le braconnage et la contrebande d\u2019animaux menac\u00e9s d\u2019extinction de Robin des Bois.<\/p>\n<p>&nbsp;<\/p>\n<p>&nbsp;<\/p>\n","protected":false},"excerpt":{"rendered":"<p>Un re\u00e7u fiscal vous sera envoy\u00e9. &nbsp;<\/p>\n","protected":false},"featured_media":1776,"comment_status":"closed","ping_status":"closed","template":"","meta":[],"product_brand":[],"product_cat":[12],"product_tag":[],"class_list":{"0":"post-966","1":"product","2":"type-product","3":"status-publish","4":"has-post-thumbnail","6":"product_cat-don","8":"first","9":"instock","10":"shipping-taxable","11":"purchasable","12":"product-type-simple"},"_links":{"self":[{"href":"https:\/\/robindesbois.org\/echoppe\/index.php?rest_route=\/wp\/v2\/product\/966","targetHints":{"allow":["GET"]}}],"collection":[{"href":"https:\/\/robindesbois.org\/echoppe\/index.php?rest_route=\/wp\/v2\/product"}],"about":[{"href":"https:\/\/robindesbois.org\/echoppe\/index.php?rest_route=\/wp\/v2\/types\/product"}],"replies":[{"embeddable":true,"href":"https:\/\/robindesbois.org\/echoppe\/index.php?rest_route=%2Fwp%2Fv2%2Fcomments&post=966"}],"wp:featuredmedia":[{"embeddable":true,"href":"https:\/\/robindesbois.org\/echoppe\/index.php?rest_route=\/wp\/v2\/media\/1776"}],"wp:attachment":[{"href":"https:\/\/robindesbois.org\/echoppe\/index.php?rest_route=%2Fwp%2Fv2%2Fmedia&parent=966"}],"wp:term":[{"taxonomy":"product_brand","embeddable":true,"href":"https:\/\/robindesbois.org\/echoppe\/index.php?rest_route=%2Fwp%2Fv2%2Fproduct_brand&post=966"},{"taxonomy":"product_cat","embeddable":true,"href":"https:\/\/robindesbois.org\/echoppe\/index.php?rest_route=%2Fwp%2Fv2%2Fproduct_cat&post=966"},{"taxonomy":"product_tag","embeddable":true,"href":"https:\/\/robindesbois.org\/echoppe\/index.php?rest_route=%2Fwp%2Fv2%2Fproduct_tag&post=966"}],"curies":[{"name":"wp","href":"https:\/\/api.w.org\/{rel}","templated":true}]}}