{"id":107244,"date":"2022-02-02T10:08:44","date_gmt":"2022-02-02T09:08:44","guid":{"rendered":"https:\/\/robindesbois.org\/?page_id=107244"},"modified":"2026-01-15T15:21:56","modified_gmt":"2026-01-15T14:21:56","slug":"adhesion","status":"publish","type":"page","link":"https:\/\/robindesbois.org\/en\/adhesion\/","title":{"rendered":"Membership"},"content":{"rendered":"<p><p><span style=\"color: #ff0000;\"><strong>Information Message \u2013 Payment<\/strong><\/span><\/p>\r\n<p>Credit card payments are temporarily unavailable due to technical reasons.<br \/>Payments by check and bank transfer remain possible.<br \/>Thank you for your understanding.<\/p><script>\r\n\tfunction checkout() {\r\n\t\tvar xhttp, choix, montant, montant2, email, nom, prenom, adresse, cp,ville, pays, type, page, commentaire, q, query;\r\n\t\txhttp = new XMLHttpRequest();\r\n\r\n\t\tchoix\t\t= vlr('choix');\r\n\t\tmontant\t\t= dqs('montant');\r\n\t\tmontant2\t= vlr('montant2');\r\n\t\temail\t\t= vlr('email');\r\n\t\tnom\t\t\t= vlr('nom');\r\n\t\tprenom\t\t= vlr('prenom');\r\n\t\tadresse\t\t= vlr('adresse');\r\n\t\tcp\t\t\t= vlr('cp');\r\n\t\tville\t\t= vlr('ville');\r\n\t\tpays\t\t= vlr('pays');\r\n\t\ttype\t\t= dqs('type');\r\n\t\tpage\t\t= vlr('page');\r\n\t\tcommentaire = vlr('commentaire');\r\n\r\n\t\tq = btoa(choix + \"|\" + montant + \"|\" + montant2 + \"|\" + email + \"|\" + nom + \"|\" + prenom + \"|\" + adresse + \"|\" + cp + \"|\" + ville + \"|\" + pays + \"|\" + type + \"|\" + page + \"|\" + commentaire);\r\n\r\n\t\tquery = \"?query=\" + q;\r\n\r\n\t\txhttp.open(\"GET\", \"https:\/\/robindesbois.org\/wp-content\/themes\/atos-2-ajax.php\" + query, true);\r\n\t\txhttp.send();\r\n\t}\r\n<\/script><form\r\n\t\t\t   id=\"bbl-frm-don-adh\" \r\n\t\t\t   action=\"https:\/\/robindesbois.org\/checkout-2\" \r\n\t\t\t   method=\"get\" \r\n\t\t\t   onchange=\"checkout()\"><div class='one_third'>\n\t\t\t\t\t<h3>Amount<\/h3>\n<p><input name=\"choix\" id=\"choix\" type=\"hidden\" value=\"adh\" \/>\n<label onclick=\"cc('montant-libre', 'hide')\">\r\n\t<input name=\"montant\" type=\"radio\" value=\"50\" \/> 50 \u20ac\r\n<\/label>\r\n<label onclick=\"cc('montant-libre', 'hide')\">\r\n\t<input checked=\"checked\" name=\"montant\" type=\"radio\" value=\"500\" \/> 500 \u20ac\r\n<\/label>\r\n<label onclick=\"cc('montant-libre', 'view')\">\r\n\t<input name=\"montant\" type=\"radio\" value=\"libre\" \/> Montant libre\r\n<\/label>\r\n<label id=\"montant-libre\" class=\"hide\">\r\n\t\t<input min=\"10\" name=\"montant2\" id=\"montant2\" type=\"number\" value=\"100\" min=\"10\" \/>\r\n<\/label><input type=\"hidden\" name=\"page\" id=\"page\" value=\"adhesion\" \/><\/p>\n<h4>Membership by direct debit<\/h4>\n<label class=\"a\">\r\n\t<a href=\"https:\/\/robindesbois.org\/wp-content\/uploads\/robin-des-bois.org-bulletin-de-prelevement.pdf\">\r\n\t\t<img loading=\"lazy\" decoding=\"async\" width=\"16\" height=\"16\" class=\"alignnone size-full wp-image-101134\" src=\"https:\/\/robindesbois.org\/wp-content\/uploads\/page_white_acrobat.png\" alt=\"\" \/> Mandat\r\n\t<\/a>\r\n<\/label>\n<h4>Membership by mail<\/h4>\n<p><label class=\"a\">\r\n\t<a href=\"https:\/\/robindesbois.org\/wp-content\/uploads\/robin-des-bois.org-bulletin-adhesion-et-don.pdf\">\r\n\t\t<img loading=\"lazy\" decoding=\"async\" width=\"16\" height=\"16\" class=\"alignnone size-full wp-image-101134\" src=\"https:\/\/robindesbois.org\/wp-content\/uploads\/page_white_acrobat.png\" alt=\"\" \/> Bulletin\r\n\t<\/a>\r\n<\/label>\n\t\t\t\t<\/div><div class='one_third'>\n\t\t\t\t\t<h3>Contact details<\/h3>\n<p><label class=\"label-transparent\">Email <span class=\"required\">*<\/span>\r\n\t<input type=\"email\" name=\"email\" id=\"email\" required \/>\r\n<\/label>\r\n<label class=\"label-transparent\">Nom <span class=\"required\">*<\/span>\r\n\t<input type=\"text\" name=\"nom\" id=\"nom\" required \/>\r\n<\/label>\r\n<label class=\"label-transparent\">Pr\u00e9nom <span class=\"required\">*<\/span>\r\n\t<input type=\"text\" name=\"prenom\" id=\"prenom\" required \/>\r\n<\/label>\r\n<label class=\"label-transparent\">Adresse compl\u00e8te <span class=\"required\">*<\/span>\r\n\t<input type=\"text\" name=\"adresse\" id=\"adresse\" required \/>\r\n<\/label>\r\n<label class=\"label-transparent\">Code postal <span class=\"required\">*<\/span>\r\n\t<input type=\"text\" maxlength=\"10\" name=\"cp\" id=\"cp\" required \/>\r\n<\/label>\r\n<label class=\"label-transparent\">Ville <span class=\"required\">*<\/span>\r\n\t<input type=\"text\" name=\"ville\" id=\"ville\" required \/>\r\n<\/label>\r\n<label class=\"label-transparent\">Pays <span class=\"required\">*<\/span>\r\n\t<!--<input type=\"text\" name=\"pays\" required \/>-->\r\n\t<select name=\"pays\" id=\"pays\">\r\n\t\t<option value=\"AFG\">AFGHANISTAN<\/option>\r\n\t\t<option value=\"ZAF\">AFRIQUE DU SUD<\/option>\r\n\t\t<option value=\"ALA\">\u00c5LAND, \u00ceLES<\/option>\r\n\t\t<option value=\"ALB\">ALBANIE<\/option>\r\n\t\t<option value=\"DZA\">ALG\u00c9RIE<\/option>\r\n\t\t<option value=\"DEU\">ALLEMAGNE<\/option>\r\n\t\t<option value=\"AND\">ANDORRE<\/option>\r\n\t\t<option value=\"AGO\">ANGOLA<\/option>\r\n\t\t<option value=\"AIA\">ANGUILLA<\/option>\r\n\t\t<option value=\"ATA\">ANTARCTIQUE<\/option>\r\n\t\t<option value=\"ATG\">ANTIGUA-ET-BARBUDA<\/option>\r\n\t\t<option value=\"SAU\">ARABIE SAOUDITE<\/option>\r\n\t\t<option value=\"ARG\">ARGENTINE<\/option>\r\n\t\t<option value=\"ARM\">ARM\u00c9NIE<\/option>\r\n\t\t<option value=\"ABW\">ARUBA<\/option>\r\n\t\t<option value=\"AUS\">AUSTRALIE<\/option>\r\n\t\t<option value=\"AUT\">AUTRICHE<\/option>\r\n\t\t<option value=\"AZE\">AZERBA\u00cfDJAN<\/option>\r\n\t\t<option value=\"BHS\">BAHAMAS<\/option>\r\n\t\t<option value=\"BHR\">BAHRE\u00cfN<\/option>\r\n\t\t<option value=\"BGD\">BANGLADESH<\/option>\r\n\t\t<option value=\"BRB\">BARBADE<\/option>\r\n\t\t<option value=\"BLR\">B\u00c9LARUS<\/option>\r\n\t\t<option value=\"BEL\">BELGIQUE<\/option>\r\n\t\t<option value=\"BLZ\">BELIZE<\/option>\r\n\t\t<option value=\"BEN\">B\u00c9NIN<\/option>\r\n\t\t<option value=\"BMU\">BERMUDES<\/option>\r\n\t\t<option value=\"BTN\">BHOUTAN<\/option>\r\n\t\t<option value=\"BOL\">BOLIVIE, l'\u00c9TAT PLURINATIONAL DE<\/option>\r\n\t\t<option value=\"BES\">BONAIRE, SAINT-EUSTACHE ET SABA<\/option>\r\n\t\t<option value=\"BIH\">BOSNIE-HERZ\u00c9GOVINE<\/option>\r\n\t\t<option value=\"BWA\">BOTSWANA<\/option>\r\n\t\t<option value=\"BVT\">BOUVET, \u00ceLE<\/option>\r\n\t\t<option value=\"BRA\">BR\u00c9SIL<\/option>\r\n\t\t<option value=\"BRN\">BRUNEI DARUSSALAM<\/option>\r\n\t\t<option value=\"BGR\">BULGARIE<\/option>\r\n\t\t<option value=\"BFA\">BURKINA FASO<\/option>\r\n\t\t<option value=\"BDI\">BURUNDI<\/option>\r\n\t\t<option value=\"CYM\">CA\u00cfMANS, \u00ceLES<\/option>\r\n\t\t<option value=\"KHM\">CAMBODGE<\/option>\r\n\t\t<option value=\"CMR\">CAMEROUN<\/option>\r\n\t\t<option value=\"CAN\">CANADA<\/option>\r\n\t\t<option value=\"CPV\">CAP-VERT<\/option>\r\n\t\t<option value=\"CAF\">CENTRAFRICAINE, R\u00c9PUBLIQUE<\/option>\r\n\t\t<option value=\"CHL\">CHILI<\/option>\r\n\t\t<option value=\"CHN\">CHINE<\/option>\r\n\t\t<option value=\"CXR\">CHRISTMAS, \u00ceLE<\/option>\r\n\t\t<option value=\"CYP\">CHYPRE<\/option>\r\n\t\t<option value=\"CCK\">COCOS (KEELING), \u00ceLES<\/option>\r\n\t\t<option value=\"COL\">COLOMBIE<\/option>\r\n\t\t<option value=\"COM\">COMORES<\/option>\r\n\t\t<option value=\"COG\">CONGO<\/option>\r\n\t\t<option value=\"COD\">CONGO, LA R\u00c9PUBLIQUE D\u00c9MOCRATIQUE DU<\/option>\r\n\t\t<option value=\"COK\">COOK, \u00ceLES<\/option>\r\n\t\t<option value=\"KOR\">COR\u00c9E, R\u00c9PUBLIQUE DE<\/option>\r\n\t\t<option value=\"PRK\">COR\u00c9E, R\u00c9PUBLIQUE POPULAIRE D\u00c9MOCRATIQUE DE<\/option>\r\n\t\t<option value=\"CRI\">COSTA RICA<\/option>\r\n\t\t<option value=\"CIV\">C\u00d4TE D'IVOIRE<\/option>\r\n\t\t<option value=\"HRV\">CROATIE<\/option>\r\n\t\t<option value=\"CUB\">CUBA<\/option>\r\n\t\t<option value=\"CUW\">CURA\u00c7AO<\/option>\r\n\t\t<option value=\"DNK\">DANEMARK<\/option>\r\n\t\t<option value=\"DJI\">DJIBOUTI<\/option>\r\n\t\t<option value=\"DOM\">DOMINICAINE, R\u00c9PUBLIQUE<\/option>\r\n\t\t<option value=\"DMA\">DOMINIQUE<\/option>\r\n\t\t<option value=\"EGY\">\u00c9GYPTE<\/option>\r\n\t\t<option value=\"SLV\">EL SALVADOR<\/option>\r\n\t\t<option value=\"ARE\">\u00c9MIRATS ARABES UNIS<\/option>\r\n\t\t<option value=\"ECU\">\u00c9QUATEUR<\/option>\r\n\t\t<option value=\"ERI\">\u00c9RYTHR\u00c9E<\/option>\r\n\t\t<option value=\"ESP\">ESPAGNE<\/option>\r\n\t\t<option value=\"EST\">ESTONIE<\/option>\r\n\t\t<option value=\"USA\">\u00c9TATS-UNIS<\/option>\r\n\t\t<option value=\"ETH\">\u00c9THIOPIE<\/option>\r\n\t\t<option value=\"FLK\">FALKLAND, \u00ceLES (MALVINAS)<\/option>\r\n\t\t<option value=\"FRO\">F\u00c9RO\u00c9, \u00ceLES<\/option>\r\n\t\t<option value=\"FJI\">FIDJI<\/option>\r\n\t\t<option value=\"FIN\">FINLANDE<\/option>\r\n\t\t<option value=\"FRA\" selected>FRANCE<\/option>\r\n\t\t<option value=\"GAB\">GABON<\/option>\r\n\t\t<option value=\"GMB\">GAMBIE<\/option>\r\n\t\t<option value=\"GEO\">G\u00c9ORGIE<\/option>\r\n\t\t<option value=\"SGS\">G\u00c9ORGIE DU SUD-ET-LES \u00ceLES SANDWICH DU SUD<\/option>\r\n\t\t<option value=\"GHA\">GHANA<\/option>\r\n\t\t<option value=\"GIB\">GIBRALTAR<\/option>\r\n\t\t<option value=\"GRC\">GR\u00c8CE<\/option>\r\n\t\t<option value=\"GRD\">GRENADE<\/option>\r\n\t\t<option value=\"GRL\">GROENLAND<\/option>\r\n\t\t<option value=\"GLP\">GUADELOUPE<\/option>\r\n\t\t<option value=\"GUM\">GUAM<\/option>\r\n\t\t<option value=\"GTM\">GUATEMALA<\/option>\r\n\t\t<option value=\"GGY\">GUERNESEY<\/option>\r\n\t\t<option value=\"GIN\">GUIN\u00c9E<\/option>\r\n\t\t<option value=\"GNQ\">GUIN\u00c9E \u00c9QUATORIALE<\/option>\r\n\t\t<option value=\"GNB\">GUIN\u00c9E-BISSAU<\/option>\r\n\t\t<option value=\"GUY\">GUYANA<\/option>\r\n\t\t<option value=\"GUF\">GUYANE FRAN\u00c7AISE<\/option>\r\n\t\t<option value=\"HTI\">HA\u00cfTI<\/option>\r\n\t\t<option value=\"HMD\">HEARD-ET-\u00ceLES MACDONALD, \u00ceLE<\/option>\r\n\t\t<option value=\"HND\">HONDURAS<\/option>\r\n\t\t<option value=\"HKG\">HONG KONG<\/option>\r\n\t\t<option value=\"HUN\">HONGRIE<\/option>\r\n\t\t<option value=\"IMN\">\u00ceLE DE MAN<\/option>\r\n\t\t<option value=\"UMI\">\u00ceLES MINEURES \u00c9LOIGN\u00c9ES DES \u00c9TATS-UNIS<\/option>\r\n\t\t<option value=\"VGB\">\u00ceLES VIERGES BRITANNIQUES<\/option>\r\n\t\t<option value=\"VIR\">\u00ceLES VIERGES DES \u00c9TATS-UNIS<\/option>\r\n\t\t<option value=\"IND\">INDE<\/option>\r\n\t\t<option value=\"IDN\">INDON\u00c9SIE<\/option>\r\n\t\t<option value=\"IRN\">IRAN, R\u00c9PUBLIQUE ISLAMIQUE D'<\/option>\r\n\t\t<option value=\"IRQ\">IRAQ<\/option>\r\n\t\t<option value=\"IRL\">IRLANDE<\/option>\r\n\t\t<option value=\"ISL\">ISLANDE<\/option>\r\n\t\t<option value=\"ISR\">ISRA\u00cbL<\/option>\r\n\t\t<option value=\"ITA\">ITALIE<\/option>\r\n\t\t<option value=\"JAM\">JAMA\u00cfQUE<\/option>\r\n\t\t<option value=\"JPN\">JAPON<\/option>\r\n\t\t<option value=\"JEY\">JERSEY<\/option>\r\n\t\t<option value=\"JOR\">JORDANIE<\/option>\r\n\t\t<option value=\"KAZ\">KAZAKHSTAN<\/option>\r\n\t\t<option value=\"KEN\">KENYA<\/option>\r\n\t\t<option value=\"KGZ\">KIRGHIZISTAN<\/option>\r\n\t\t<option value=\"KIR\">KIRIBATI<\/option>\r\n\t\t<option value=\"KWT\">KOWE\u00cfT<\/option>\r\n\t\t<option value=\"LAO\">LAO, R\u00c9PUBLIQUE D\u00c9MOCRATIQUE POPULAIRE<\/option>\r\n\t\t<option value=\"LSO\">LESOTHO<\/option>\r\n\t\t<option value=\"LVA\">LETTONIE<\/option>\r\n\t\t<option value=\"LBN\">LIBAN<\/option>\r\n\t\t<option value=\"LBR\">LIB\u00c9RIA<\/option>\r\n\t\t<option value=\"LBY\">LIBYE<\/option>\r\n\t\t<option value=\"LIE\">LIECHTENSTEIN<\/option>\r\n\t\t<option value=\"LTU\">LITUANIE<\/option>\r\n\t\t<option value=\"LUX\">LUXEMBOURG<\/option>\r\n\t\t<option value=\"MAC\">MACAO<\/option>\r\n\t\t<option value=\"MKD\">MAC\u00c9DOINE, L'EX-R\u00c9PUBLIQUE YOUGOSLAVE DE<\/option>\r\n\t\t<option value=\"MDG\">MADAGASCAR<\/option>\r\n\t\t<option value=\"MYS\">MALAISIE<\/option>\r\n\t\t<option value=\"MWI\">MALAWI<\/option>\r\n\t\t<option value=\"MDV\">MALDIVES<\/option>\r\n\t\t<option value=\"MLI\">MALI<\/option>\r\n\t\t<option value=\"MLT\">MALTE<\/option>\r\n\t\t<option value=\"MNP\">MARIANNES DU NORD, \u00ceLES<\/option>\r\n\t\t<option value=\"MAR\">MAROC<\/option>\r\n\t\t<option value=\"MHL\">MARSHALL, \u00ceLES<\/option>\r\n\t\t<option value=\"MTQ\">MARTINIQUE<\/option>\r\n\t\t<option value=\"MUS\">MAURICE<\/option>\r\n\t\t<option value=\"MRT\">MAURITANIE<\/option>\r\n\t\t<option value=\"MYT\">MAYOTTE<\/option>\r\n\t\t<option value=\"MEX\">MEXIQUE<\/option>\r\n\t\t<option value=\"FSM\">MICRON\u00c9SIE, \u00c9TATS F\u00c9D\u00c9R\u00c9S DE<\/option>\r\n\t\t<option value=\"MDA\">MOLDOVA, R\u00c9PUBLIQUE DE<\/option>\r\n\t\t<option value=\"MCO\">MONACO<\/option>\r\n\t\t<option value=\"MNG\">MONGOLIE<\/option>\r\n\t\t<option value=\"MNE\">MONT\u00c9N\u00c9GRO<\/option>\r\n\t\t<option value=\"MSR\">MONTSERRAT<\/option>\r\n\t\t<option value=\"MOZ\">MOZAMBIQUE<\/option>\r\n\t\t<option value=\"MMR\">MYANMAR<\/option>\r\n\t\t<option value=\"NAM\">NAMIBIE<\/option>\r\n\t\t<option value=\"NRU\">NAURU<\/option>\r\n\t\t<option value=\"NPL\">N\u00c9PAL<\/option>\r\n\t\t<option value=\"NIC\">NICARAGUA<\/option>\r\n\t\t<option value=\"NER\">NIGER<\/option>\r\n\t\t<option value=\"NGA\">NIG\u00c9RIA<\/option>\r\n\t\t<option value=\"NIU\">NIU\u00c9<\/option>\r\n\t\t<option value=\"NFK\">NORFOLK, \u00ceLE<\/option>\r\n\t\t<option value=\"NOR\">NORV\u00c8GE<\/option>\r\n\t\t<option value=\"NCL\">NOUVELLE-CAL\u00c9DONIE<\/option>\r\n\t\t<option value=\"NZL\">NOUVELLE-Z\u00c9LANDE<\/option>\r\n\t\t<option value=\"IOT\">OC\u00c9AN INDIEN, TERRITOIRE BRITANNIQUE DE L'<\/option>\r\n\t\t<option value=\"OMN\">OMAN<\/option>\r\n\t\t<option value=\"UGA\">OUGANDA<\/option>\r\n\t\t<option value=\"UZB\">OUZB\u00c9KISTAN<\/option>\r\n\t\t<option value=\"PAK\">PAKISTAN<\/option>\r\n\t\t<option value=\"PLW\">PALAOS<\/option>\r\n\t\t<option value=\"PSE\">PALESTINIEN OCCUP\u00c9, TERRITOIRE<\/option>\r\n\t\t<option value=\"PAN\">PANAMA<\/option>\r\n\t\t<option value=\"PNG\">PAPOUASIE-NOUVELLE-GUIN\u00c9E<\/option>\r\n\t\t<option value=\"PRY\">PARAGUAY<\/option>\r\n\t\t<option value=\"NLD\">PAYS-BAS<\/option>\r\n\t\t<option value=\"PER\">P\u00c9ROU<\/option>\r\n\t\t<option value=\"PHL\">PHILIPPINES<\/option>\r\n\t\t<option value=\"PCN\">PITCAIRN<\/option>\r\n\t\t<option value=\"POL\">POLOGNE<\/option>\r\n\t\t<option value=\"PYF\">POLYN\u00c9SIE FRAN\u00c7AISE<\/option>\r\n\t\t<option value=\"PRI\">PORTO RICO<\/option>\r\n\t\t<option value=\"PRT\">PORTUGAL<\/option>\r\n\t\t<option value=\"QAT\">QATAR<\/option>\r\n\t\t<option value=\"REU\">R\u00c9UNION<\/option>\r\n\t\t<option value=\"ROU\">ROUMANIE<\/option>\r\n\t\t<option value=\"GBR\">ROYAUME-UNI<\/option>\r\n\t\t<option value=\"RUS\">RUSSIE, F\u00c9D\u00c9RATION DE<\/option>\r\n\t\t<option value=\"RWA\">RWANDA<\/option>\r\n\t\t<option value=\"ESH\">SAHARA OCCIDENTAL<\/option>\r\n\t\t<option value=\"KNA\">SAINT-BARTH\u00c9LEMY<\/option>\r\n\t\t<option value=\"BLM\">SAINT-KITTS-ET-NEVIS<\/option>\r\n\t\t<option value=\"SHN\">SAINT-MARIN<\/option>\r\n\t\t<option value=\"SMR\">SAINT-MARTIN (PARTIE N\u00c9ERLANDAISE)<\/option>\r\n\t\t<option value=\"MAF\">SAINT-MARTIN(PARTIE FRAN\u00c7AISE)<\/option>\r\n\t\t<option value=\"SXM\">SAINT-PIERRE-ET-MIQUELON<\/option>\r\n\t\t<option value=\"SPM\">SAINT-SI\u00c8GE (\u00c9TAT DE LA CIT\u00c9 DU VATICAN)<\/option>\r\n\t\t<option value=\"VAT\">SAINT-VINCENT-ET-LES GRENADINES<\/option>\r\n\t\t<option value=\"LCA\">SAINTE-H\u00c9L\u00c8NE, ASCENSION ET TRISTAN DA CUNHA<\/option>\r\n\t\t<option value=\"VCT\">SAINTE-LUCIE<\/option>\r\n\t\t<option value=\"SLB\">SALOMON, \u00ceLES<\/option>\r\n\t\t<option value=\"WSM\">SAMOA<\/option>\r\n\t\t<option value=\"ASM\">SAMOA AM\u00c9RICAINES<\/option>\r\n\t\t<option value=\"STP\">SAO TOM\u00c9-ET-PRINCIPE<\/option>\r\n\t\t<option value=\"SEN\">S\u00c9N\u00c9GAL<\/option>\r\n\t\t<option value=\"SRB\">SERBIE<\/option>\r\n\t\t<option value=\"SYC\">SEYCHELLES<\/option>\r\n\t\t<option value=\"SLE\">SIERRA LEONE<\/option>\r\n\t\t<option value=\"SGP\">SINGAPOUR<\/option>\r\n\t\t<option value=\"SVK\">SLOVAQUIE<\/option>\r\n\t\t<option value=\"SVN\">SLOV\u00c9NIE<\/option>\r\n\t\t<option value=\"SOM\">SOMALIE<\/option>\r\n\t\t<option value=\"SDN\">SOUDAN<\/option>\r\n\t\t<option value=\"SSD\">SOUDAN DU SUD<\/option>\r\n\t\t<option value=\"LKA\">SRI LANKA<\/option>\r\n\t\t<option value=\"SWE\">SU\u00c8DE<\/option>\r\n\t\t<option value=\"CHE\">SUISSE<\/option>\r\n\t\t<option value=\"SUR\">SURINAME<\/option>\r\n\t\t<option value=\"SJM\">SVALBARD ET \u00ceLE JAN MAYEN<\/option>\r\n\t\t<option value=\"SWZ\">SWAZILAND<\/option>\r\n\t\t<option value=\"SYR\">SYRIENNE, R\u00c9PUBLIQUE ARABE<\/option>\r\n\t\t<option value=\"TJK\">TADJIKISTAN<\/option>\r\n\t\t<option value=\"TWN\">TA\u00cfWAN, PROVINCE DE CHINE<\/option>\r\n\t\t<option value=\"TZA\">TANZANIE, R\u00c9PUBLIQUE-UNIE DE<\/option>\r\n\t\t<option value=\"TCD\">TCHAD<\/option>\r\n\t\t<option value=\"CZE\">TCH\u00c8QUE, R\u00c9PUBLIQUE<\/option>\r\n\t\t<option value=\"ATF\">TERRES AUSTRALES FRAN\u00c7AISES<\/option>\r\n\t\t<option value=\"THA\">THA\u00cfLANDE<\/option>\r\n\t\t<option value=\"TLS\">TIMOR-LESTE<\/option>\r\n\t\t<option value=\"TGO\">TOGO<\/option>\r\n\t\t<option value=\"TKL\">TOKELAU<\/option>\r\n\t\t<option value=\"TON\">TONGA<\/option>\r\n\t\t<option value=\"TTO\">TRINIT\u00c9-ET-TOBAGO<\/option>\r\n\t\t<option value=\"TUN\">TUNISIE<\/option>\r\n\t\t<option value=\"TKM\">TURKM\u00c9NISTAN<\/option>\r\n\t\t<option value=\"TCA\">TURKS-ET-CA\u00cfCOS, \u00ceLES<\/option>\r\n\t\t<option value=\"TUR\">TURQUIE<\/option>\r\n\t\t<option value=\"TUV\">TUVALU<\/option>\r\n\t\t<option value=\"UKR\">UKRAINE<\/option>\r\n\t\t<option value=\"URY\">URUGUAY<\/option>\r\n\t\t<option value=\"VUT\">VANUATU<\/option>\r\n\t\t<option value=\"VEN\">VENEZUELA, R\u00c9PUBLIQUE BOLIVARIENNE DU<\/option>\r\n\t\t<option value=\"VNM\">VIET NAM<\/option>\r\n\t\t<option value=\"WLF\">WALLIS ET FUTUNA<\/option>\r\n\t\t<option value=\"YEM\">Y\u00c9MEN<\/option>\r\n\t\t<option value=\"ZMB\">ZAMBIE<\/option>\r\n\t\t<option value=\"ZWE\">ZIMBABWE<\/option>\r\n\t<\/select>\r\n<\/label>\n\t\t\t\t<\/div><div class='one_third last'>\n\t\t\t\t\t<h3>Payment<\/h3>\n<h4>Select your payment method<\/h4>\n<p><label>\r\n\t<input checked=\"checked\" name=\"type\" id=\"type\" type=\"radio\" value=\"cb\" \/> Carte Bancaire <span class=\"required\">*<\/span>\r\n<\/label>\r\n<label>\r\n\t<input name=\"type\" id=\"type\" type=\"radio\" value=\"chk\" \/> Ch\u00e8que ou virement <span class=\"required\">*<\/span>\r\n<\/label>\r\n<label class=\"label-transparent\" style=\"padding:0;width:100%\">\r\n\tCommentaires \u00e9ventuels\r\n\t<textarea name=\"commentaire\" id=\"commentaire\"><\/textarea>\r\n<\/label>\r\n<p>Veuillez renseigner tous les  <span class=\"required\">champs<\/span> avant de valider.<\/p>\r\n<p>\r\n\t<button id=\"et_contact_reset\" class=\"et_contact_effacer\" type=\"reset\">Effacer<\/button>\r\n\t<button id=\"et_contact_submit\" type=\"submit\">Valider<\/button>\r\n<\/p>\n\t\t\t\t<\/div><div class='clear'><\/div><br \/>\n<strong>A tax receipt and a membership card will be sent to you as well as an invitation to participate in the Annual General Meeting. Robin des Bois does not distribute, give, sell or exchange the contacts of its members, benefactors, donors or supporters. You have the right to access and rectify information concerning you on our computer listing.<\/strong><\/form>\n<p><\/p>","protected":false},"excerpt":{"rendered":"<p>A tax receipt and a membership card will be sent to you as well as an invitation to participate in the Annual General Meeting. Robin des Bois does not distribute, give, sell or exchange the contacts of its members, benefactors, donors or supporters. You have the right to access and rectify information concerning you on our computer listing.<\/p>\n","protected":false},"author":4,"featured_media":289,"parent":0,"menu_order":0,"comment_status":"closed","ping_status":"closed","template":"page-full.php","meta":{"footnotes":""},"class_list":["post-107244","page","type-page","status-publish","has-post-thumbnail","hentry"],"_links":{"self":[{"href":"https:\/\/robindesbois.org\/en\/wp-json\/wp\/v2\/pages\/107244","targetHints":{"allow":["GET"]}}],"collection":[{"href":"https:\/\/robindesbois.org\/en\/wp-json\/wp\/v2\/pages"}],"about":[{"href":"https:\/\/robindesbois.org\/en\/wp-json\/wp\/v2\/types\/page"}],"author":[{"embeddable":true,"href":"https:\/\/robindesbois.org\/en\/wp-json\/wp\/v2\/users\/4"}],"replies":[{"embeddable":true,"href":"https:\/\/robindesbois.org\/en\/wp-json\/wp\/v2\/comments?post=107244"}],"version-history":[{"count":3,"href":"https:\/\/robindesbois.org\/en\/wp-json\/wp\/v2\/pages\/107244\/revisions"}],"predecessor-version":[{"id":112412,"href":"https:\/\/robindesbois.org\/en\/wp-json\/wp\/v2\/pages\/107244\/revisions\/112412"}],"wp:featuredmedia":[{"embeddable":true,"href":"https:\/\/robindesbois.org\/en\/wp-json\/wp\/v2\/media\/289"}],"wp:attachment":[{"href":"https:\/\/robindesbois.org\/en\/wp-json\/wp\/v2\/media?parent=107244"}],"curies":[{"name":"wp","href":"https:\/\/api.w.org\/{rel}","templated":true}]}}